{"id":12,"date":"2026-01-09T16:44:49","date_gmt":"2026-01-09T16:44:49","guid":{"rendered":"https:\/\/mattroido.com.vn\/?page_id=12"},"modified":"2026-02-06T16:20:56","modified_gmt":"2026-02-06T09:20:56","slug":"agents","status":"publish","type":"page","link":"https:\/\/mattroido.com.vn\/?page_id=12","title":{"rendered":"Thu X\u1ebfp T\u00e0i Ch\u00ednh"},"content":{"rendered":"\t\t<div data-elementor-type=\"wp-page\" data-elementor-id=\"12\" class=\"elementor elementor-12\">\n\t\t\t\t<div class=\"elementor-element elementor-element-4fd0d3b e-flex e-con-boxed e-con e-parent\" data-id=\"4fd0d3b\" data-element_type=\"container\">\n\t\t\t\t\t<div class=\"e-con-inner\">\n\t\t\t\t<div class=\"elementor-element elementor-element-4ca0206 elementor-widget elementor-widget-heading\" data-id=\"4ca0206\" data-element_type=\"widget\" data-widget_type=\"heading.default\">\n\t\t\t\t\t<h5 class=\"elementor-heading-title elementor-size-default\">D\u1ecaCH V\u1ee4 THU X\u1ebeP T\u00c0I CH\u00cdNH D\u1ef0 \u00c1N B\u1ea4T \u0110\u1ed8NG S\u1ea2N<\/h5>\t\t\t\t<\/div>\n\t\t\t\t<div class=\"elementor-element elementor-element-455cfd2 elementor-widget elementor-widget-text-editor\" data-id=\"455cfd2\" data-element_type=\"widget\" data-widget_type=\"text-editor.default\">\n\t\t\t\t\t\t\t\t\t<p>Gi\u1ea3i ph\u00e1p v\u1ed1n hi\u1ec7u qu\u1ea3 \u2013 C\u1ea5u tr\u00fac t\u00e0i ch\u00ednh t\u1ed1i \u01b0u \u2013 \u0110\u1ed3ng h\u00e0nh c\u00f9ng d\u1ef1 \u00e1n<\/p>\t\t\t\t\t\t\t\t<\/div>\n\t\t\t\t\t<\/div>\n\t\t\t\t<\/div>\n\t\t<div class=\"elementor-element elementor-element-2ec328d e-grid e-con-boxed e-con e-parent\" data-id=\"2ec328d\" data-element_type=\"container\">\n\t\t\t\t\t<div class=\"e-con-inner\">\n\t\t<div class=\"elementor-element elementor-element-39a9bbf e-con-full e-flex e-con e-child\" data-id=\"39a9bbf\" data-element_type=\"container\">\n\t\t<div class=\"elementor-element elementor-element-a2316eb e-con-full e-flex e-con e-child\" data-id=\"a2316eb\" data-element_type=\"container\">\n\t\t\t\t<div class=\"elementor-element elementor-element-452f0b1 elementor-widget elementor-widget-text-editor\" data-id=\"452f0b1\" data-element_type=\"widget\" data-widget_type=\"text-editor.default\">\n\t\t\t\t\t\t\t\t\t<p data-start=\"376\" data-end=\"751\">Trong b\u1ed1i c\u1ea3nh th\u1ecb tr\u01b0\u1eddng b\u1ea5t \u0111\u1ed9ng s\u1ea3n ng\u00e0y c\u00e0ng si\u1ebft ch\u1eb7t v\u1ec1 ph\u00e1p l\u00fd v\u00e0 t\u00edn d\u1ee5ng, vi\u1ec7c ti\u1ebfp c\u1eadn ngu\u1ed3n v\u1ed1n ph\u00f9 h\u1ee3p tr\u1edf th\u00e0nh y\u1ebfu t\u1ed1 then ch\u1ed1t quy\u1ebft \u0111\u1ecbnh kh\u1ea3 n\u0103ng tri\u1ec3n khai v\u00e0 th\u00e0nh c\u00f4ng c\u1ee7a d\u1ef1 \u00e1n.<br data-start=\"573\" data-end=\"576\" \/>C\u00f4ng ty TNHH D\u1ecbch V\u1ee5 B\u1ea5t \u0110\u1ed9ng S\u1ea3n M\u1eb7t Tr\u1eddi \u0110\u1ecf cung c\u1ea5p d\u1ecbch v\u1ee5 <strong data-start=\"639\" data-end=\"679\">thu x\u1ebfp t\u00e0i ch\u00ednh d\u1ef1 \u00e1n b\u1ea5t \u0111\u1ed9ng s\u1ea3n<\/strong> v\u1edbi \u0111\u1ecbnh h\u01b0\u1edbng t\u01b0 v\u1ea5n chuy\u00ean s\u00e2u, minh b\u1ea1ch v\u00e0 s\u00e1t th\u1ef1c ti\u1ec5n ng\u00e2n h\u00e0ng.<\/p><p>Ch\u00fang t\u00f4i kh\u00f4ng ch\u1ec9 h\u1ed7 tr\u1ee3 t\u00ecm ki\u1ebfm ngu\u1ed3n v\u1ed1n, m\u00e0 c\u00f2n \u0111\u1ed3ng h\u00e0nh c\u00f9ng ch\u1ee7 \u0111\u1ea7u t\u01b0 trong vi\u1ec7c <strong data-start=\"844\" data-end=\"927\">chu\u1ea9n h\u00f3a h\u1ed3 s\u01a1, c\u1ea5u tr\u00fac d\u00f2ng ti\u1ec1n v\u00e0 n\u00e2ng cao kh\u1ea3 n\u0103ng \u0111\u01b0\u1ee3c ph\u00ea duy\u1ec7t t\u00e0i tr\u1ee3<\/strong>.<\/p>\t\t\t\t\t\t\t\t<\/div>\n\t\t\t\t<\/div>\n\t\t\t\t<\/div>\n\t\t\t\t<div class=\"elementor-element elementor-element-cd5c8da elementor-widget elementor-widget-image\" data-id=\"cd5c8da\" data-element_type=\"widget\" data-widget_type=\"image.default\">\n\t\t\t\t\t\t\t\t\t\t\t\t\t\t\t<img decoding=\"async\" src=\"https:\/\/mattroido.com.vn\/wp-content\/plugins\/elementor\/assets\/images\/placeholder.png\" title=\"\" alt=\"\" loading=\"lazy\" \/>\t\t\t\t\t\t\t\t\t\t\t\t\t\t\t<\/div>\n\t\t\t\t\t<\/div>\n\t\t\t\t<\/div>\n\t\t<div class=\"elementor-element elementor-element-087e484 e-flex e-con-boxed e-con e-parent\" data-id=\"087e484\" data-element_type=\"container\">\n\t\t\t\t\t<div class=\"e-con-inner\">\n\t\t\t\t<div class=\"elementor-element elementor-element-fde75b6 elementor-widget elementor-widget-text-editor\" data-id=\"fde75b6\" data-element_type=\"widget\" data-widget_type=\"text-editor.default\">\n\t\t\t\t\t\t\t\t\t<p>Ch\u00fang t\u00f4i cung c\u1ea5p nh\u1eefng g\u00ec?<\/p>\t\t\t\t\t\t\t\t<\/div>\n\t\t\t\t\t<\/div>\n\t\t\t\t<\/div>\n\t\t<div class=\"elementor-element elementor-element-69eedfb e-grid e-con-full e-con e-parent\" data-id=\"69eedfb\" data-element_type=\"container\">\n\t\t\t\t<div class=\"elementor-element elementor-element-6834f08 elementor-widget elementor-widget-image\" data-id=\"6834f08\" data-element_type=\"widget\" data-widget_type=\"image.default\">\n\t\t\t\t\t\t\t\t\t\t\t\t\t\t\t<img decoding=\"async\" src=\"https:\/\/mattroido.com.vn\/wp-content\/plugins\/elementor\/assets\/images\/placeholder.png\" title=\"\" alt=\"\" loading=\"lazy\" \/>\t\t\t\t\t\t\t\t\t\t\t\t\t\t\t<\/div>\n\t\t\t\t<div class=\"elementor-element elementor-element-e1678f8 elementor-widget elementor-widget-text-editor\" data-id=\"e1678f8\" data-element_type=\"widget\" data-widget_type=\"text-editor.default\">\n\t\t\t\t\t\t\t\t\t<h6 data-start=\"972\" data-end=\"1014\"><strong data-start=\"976\" data-end=\"1014\">1. T\u01b0 v\u1ea5n c\u1ea5u tr\u00fac t\u00e0i ch\u00ednh d\u1ef1 \u00e1n<\/strong><\/h6><ul data-start=\"1015\" data-end=\"1212\"><li data-start=\"1015\" data-end=\"1077\"><p data-start=\"1017\" data-end=\"1077\">Ph\u00e2n t\u00edch t\u1ed5ng m\u1ee9c \u0111\u1ea7u t\u01b0, c\u01a1 c\u1ea5u v\u1ed1n ch\u1ee7 s\u1edf h\u1eefu \u2013 v\u1ed1n vay<\/p><\/li><li data-start=\"1078\" data-end=\"1141\"><p data-start=\"1080\" data-end=\"1141\">\u0110\u00e1nh gi\u00e1 d\u00f2ng ti\u1ec1n d\u1ef1 \u00e1n theo ti\u1ebfn \u0111\u1ed9 ph\u00e1p l\u00fd v\u00e0 tri\u1ec3n khai<\/p><\/li><li data-start=\"1142\" data-end=\"1212\"><p data-start=\"1144\" data-end=\"1212\">\u0110\u1ec1 xu\u1ea5t ph\u01b0\u01a1ng \u00e1n t\u00e0i tr\u1ee3 ph\u00f9 h\u1ee3p v\u1edbi kh\u1ea9u v\u1ecb r\u1ee7i ro c\u1ee7a ng\u00e2n h\u00e0ng<\/p><\/li><\/ul><h6 data-start=\"1144\" data-end=\"1212\"><strong data-start=\"1301\" data-end=\"1339\">2. L\u1eadp v\u00e0 ho\u00e0n thi\u1ec7n h\u1ed3 s\u01a1 vay v\u1ed1n<\/strong><\/h6><ul data-start=\"1340\" data-end=\"1533\"><li data-start=\"1340\" data-end=\"1409\"><p data-start=\"1342\" data-end=\"1409\">R\u00e0 so\u00e1t ph\u00e1p l\u00fd d\u1ef1 \u00e1n, quy\u1ec1n s\u1eed d\u1ee5ng \u0111\u1ea5t, h\u1ed3 s\u01a1 \u0111\u1ea7u t\u01b0 \u2013 x\u00e2y d\u1ef1ng<\/p><\/li><li data-start=\"1410\" data-end=\"1468\"><p data-start=\"1412\" data-end=\"1468\">H\u1ed7 tr\u1ee3 x\u00e2y d\u1ef1ng ph\u01b0\u01a1ng \u00e1n kinh doanh, ph\u01b0\u01a1ng \u00e1n tr\u1ea3 n\u1ee3<\/p><\/li><li data-start=\"1469\" data-end=\"1533\"><p data-start=\"1471\" data-end=\"1533\">Chu\u1ea9n h\u00f3a h\u1ed3 s\u01a1 theo ti\u00eau chu\u1ea9n th\u1ea9m \u0111\u1ecbnh c\u1ee7a t\u1eebng ng\u00e2n h\u00e0ng<\/p><\/li><\/ul><h6 data-start=\"1471\" data-end=\"1533\"><strong data-start=\"1634\" data-end=\"1682\">3. K\u1ebft n\u1ed1i v\u00e0 l\u00e0m vi\u1ec7c v\u1edbi ng\u00e2n h\u00e0ng t\u00e0i tr\u1ee3<\/strong><\/h6><ul data-start=\"1683\" data-end=\"1898\"><li data-start=\"1683\" data-end=\"1747\"><p data-start=\"1685\" data-end=\"1747\">Gi\u1edbi thi\u1ec7u d\u1ef1 \u00e1n t\u1edbi c\u00e1c ng\u00e2n h\u00e0ng, t\u1ed5 ch\u1ee9c t\u00edn d\u1ee5ng ph\u00f9 h\u1ee3p<\/p><\/li><li data-start=\"1748\" data-end=\"1808\"><p data-start=\"1750\" data-end=\"1808\">H\u1ed7 tr\u1ee3 trao \u0111\u1ed5i, l\u00e0m vi\u1ec7c trong su\u1ed1t qu\u00e1 tr\u00ecnh th\u1ea9m \u0111\u1ecbnh<\/p><\/li><li data-start=\"1809\" data-end=\"1898\"><p data-start=\"1811\" data-end=\"1898\">Ph\u1ed1i h\u1ee3p x\u1eed l\u00fd c\u00e1c v\u1ea5n \u0111\u1ec1 ph\u00e1t sinh li\u00ean quan \u0111\u1ebfn t\u00e0i s\u1ea3n b\u1ea3o \u0111\u1ea3m, \u0111i\u1ec1u ki\u1ec7n t\u00edn d\u1ee5ng<\/p><\/li><\/ul>\t\t\t\t\t\t\t\t<\/div>\n\t\t\t\t<\/div>\n\t\t<div class=\"elementor-element elementor-element-28fe792 e-flex e-con-boxed e-con e-parent\" data-id=\"28fe792\" data-element_type=\"container\">\n\t\t\t\t\t<div class=\"e-con-inner\">\n\t\t\t\t\t<\/div>\n\t\t\t\t<\/div>\n\t\t<div class=\"elementor-element elementor-element-3f2cdad e-con-full e-flex e-con e-parent\" data-id=\"3f2cdad\" data-element_type=\"container\">\n\t\t\t\t<\/div>\n\t\t<div class=\"elementor-element elementor-element-63ec686 e-flex e-con-boxed e-con e-parent\" data-id=\"63ec686\" data-element_type=\"container\" data-settings=\"{&quot;background_background&quot;:&quot;slideshow&quot;,&quot;background_slideshow_gallery&quot;:[],&quot;background_slideshow_loop&quot;:&quot;yes&quot;,&quot;background_slideshow_slide_duration&quot;:5000,&quot;background_slideshow_slide_transition&quot;:&quot;fade&quot;,&quot;background_slideshow_transition_duration&quot;:500}\">\n\t\t\t\t\t<div class=\"e-con-inner\">\n\t\t<div class=\"elementor-element elementor-element-c591435 e-con-full e-flex e-con e-child\" data-id=\"c591435\" data-element_type=\"container\">\n\t\t\t\t<div class=\"elementor-element elementor-element-1258c8a elementor-widget elementor-widget-text-editor\" data-id=\"1258c8a\" data-element_type=\"widget\" data-widget_type=\"text-editor.default\">\n\t\t\t\t\t\t\t\t\t<p><strong>\u0110\u1ed1i t\u01b0\u1ee3ng kh\u00e1ch h\u00e0ng<\/strong><\/p>\t\t\t\t\t\t\t\t<\/div>\n\t\t\t\t<\/div>\n\t\t<div class=\"elementor-element elementor-element-b27e0a6 e-con-full e-flex e-con e-child\" data-id=\"b27e0a6\" data-element_type=\"container\">\n\t\t\t\t<div class=\"elementor-element elementor-element-b54b019 elementor-widget elementor-widget-text-editor\" data-id=\"b54b019\" data-element_type=\"widget\" data-widget_type=\"text-editor.default\">\n\t\t\t\t\t\t\t\t\t<p><strong>L\u1ee3i th\u1ebf khi l\u1ef1a ch\u1ecdn Red Sun<\/strong><\/p>\t\t\t\t\t\t\t\t<\/div>\n\t\t\t\t<\/div>\n\t\t<div class=\"elementor-element elementor-element-5bbc22f e-con-full e-flex e-con e-child\" data-id=\"5bbc22f\" data-element_type=\"container\">\n\t\t\t\t<div class=\"elementor-element elementor-element-f7197b7 elementor-widget elementor-widget-text-editor\" data-id=\"f7197b7\" data-element_type=\"widget\" data-widget_type=\"text-editor.default\">\n\t\t\t\t\t\t\t\t\t<p data-start=\"1998\" data-end=\"2064\">Ch\u1ee7 \u0111\u1ea7u t\u01b0 d\u1ef1 \u00e1n b\u1ea5t \u0111\u1ed9ng s\u1ea3n nh\u00e0 \u1edf, khu c\u00f4ng nghi\u1ec7p<\/p>\n<p data-start=\"2067\" data-end=\"2118\">Doanh nghi\u1ec7p c\u1ea7n v\u1ed1n \u0111\u1ec3 M&amp;A, h\u1ee3p t\u00e1c \u0111\u1ea7u t\u01b0 d\u1ef1 \u00e1n<\/p>\n<p data-start=\"2121\" data-end=\"2196\">Nh\u00e0 \u0111\u1ea7u t\u01b0 s\u1edf h\u1eefu qu\u1ef9 \u0111\u1ea5t, d\u1ef1 \u00e1n \u0111ang trong giai \u0111o\u1ea1n chu\u1ea9n b\u1ecb tri\u1ec3n khai<\/p>\t\t\t\t\t\t\t\t<\/div>\n\t\t\t\t<\/div>\n\t\t<div class=\"elementor-element elementor-element-5c92292 e-con-full e-flex e-con e-child\" data-id=\"5c92292\" data-element_type=\"container\">\n\t\t\t\t<div class=\"elementor-element elementor-element-a4940b0 elementor-widget elementor-widget-text-editor\" data-id=\"a4940b0\" data-element_type=\"widget\" data-widget_type=\"text-editor.default\">\n\t\t\t\t\t\t\t\t\t<p data-start=\"2245\" data-end=\"2324\">Ti\u1ebfp c\u1eadn d\u1ef1 \u00e1n d\u01b0\u1edbi g\u00f3c nh\u00ecn <strong data-start=\"2274\" data-end=\"2298\">t\u00e0i ch\u00ednh \u2013 t\u00edn d\u1ee5ng<\/strong><\/p><p data-start=\"2245\" data-end=\"2324\">Hi\u1ec3u r\u00f5 ti\u00eau ch\u00ed th\u1ea9m \u0111\u1ecbnh v\u00e0 quy tr\u00ecnh ra quy\u1ebft \u0111\u1ecbnh c\u1ee7a ng\u00e2n h\u00e0ng, t\u1ed5 ch\u1ee9c t\u00edn d\u1ee5ng<\/p><p data-start=\"2245\" data-end=\"2324\">\u0110\u1ed3ng h\u00e0nh xuy\u00ean su\u1ed1t c\u00f9ng kh\u00e1ch h\u00e0ng<\/p>\t\t\t\t\t\t\t\t<\/div>\n\t\t\t\t<\/div>\n\t\t\t\t\t<\/div>\n\t\t\t\t<\/div>\n\t\t\t\t<\/div>\n\t\t","protected":false},"excerpt":{"rendered":"<p>D\u1ecaCH V\u1ee4 THU X\u1ebeP T\u00c0I CH\u00cdNH D\u1ef0 \u00c1N B\u1ea4T \u0110\u1ed8NG S\u1ea2N Gi\u1ea3i ph\u00e1p v\u1ed1n hi\u1ec7u qu\u1ea3 \u2013 C\u1ea5u tr\u00fac t\u00e0i ch\u00ednh t\u1ed1i \u01b0u \u2013 \u0110\u1ed3ng h\u00e0nh c\u00f9ng d\u1ef1 \u00e1n Trong b\u1ed1i c\u1ea3nh th\u1ecb tr\u01b0\u1eddng b\u1ea5t \u0111\u1ed9ng s\u1ea3n ng\u00e0y c\u00e0ng si\u1ebft ch\u1eb7t v\u1ec1 ph\u00e1p l\u00fd v\u00e0 t\u00edn d\u1ee5ng, vi\u1ec7c ti\u1ebfp c\u1eadn ngu\u1ed3n v\u1ed1n ph\u00f9 h\u1ee3p tr\u1edf [&hellip;]<\/p>\n","protected":false},"author":1,"featured_media":0,"parent":0,"menu_order":0,"comment_status":"closed","ping_status":"closed","template":"","meta":{"_eb_attr":"","footnotes":""},"class_list":["post-12","page","type-page","status-publish","hentry"],"_links":{"self":[{"href":"https:\/\/mattroido.com.vn\/index.php?rest_route=\/wp\/v2\/pages\/12","targetHints":{"allow":["GET"]}}],"collection":[{"href":"https:\/\/mattroido.com.vn\/index.php?rest_route=\/wp\/v2\/pages"}],"about":[{"href":"https:\/\/mattroido.com.vn\/index.php?rest_route=\/wp\/v2\/types\/page"}],"author":[{"embeddable":true,"href":"https:\/\/mattroido.com.vn\/index.php?rest_route=\/wp\/v2\/users\/1"}],"replies":[{"embeddable":true,"href":"https:\/\/mattroido.com.vn\/index.php?rest_route=%2Fwp%2Fv2%2Fcomments&post=12"}],"version-history":[{"count":66,"href":"https:\/\/mattroido.com.vn\/index.php?rest_route=\/wp\/v2\/pages\/12\/revisions"}],"predecessor-version":[{"id":742,"href":"https:\/\/mattroido.com.vn\/index.php?rest_route=\/wp\/v2\/pages\/12\/revisions\/742"}],"wp:attachment":[{"href":"https:\/\/mattroido.com.vn\/index.php?rest_route=%2Fwp%2Fv2%2Fmedia&parent=12"}],"curies":[{"name":"wp","href":"https:\/\/api.w.org\/{rel}","templated":true}]}}